

{"id":2325,"date":"2020-04-22T09:13:58","date_gmt":"2020-04-22T07:13:58","guid":{"rendered":"https:\/\/www.funkiskok.se\/?page_id=2325"},"modified":"2020-04-22T09:13:59","modified_gmt":"2020-04-22T07:13:59","slug":"designerkjokken-av-massivt-tre","status":"publish","type":"page","link":"https:\/\/funkiskok.se\/en\/designerkjokken-av-massivt-tre","title":{"rendered":"Designerkj\u00f8kken av massivt tre"},"content":{"rendered":"\n<p>V\u00e5r k\u00f6ksserie Original vilar i det k\u00f6ksformspr\u00e5k som startade med funktionalismens int\u00e5g i den svenska arkitekturen. Allt tillverkas f\u00f6r hand, i massivt tr\u00e4 och med traditionsenliga metoder. Ett platsbyggt k\u00f6k med ett l\u00e4tt och avskalat uttryck som \u00e4nnu pr\u00e4glar dagens formgivning och tid. V\u00e5ra k\u00f6k har Svensk norrlandsfuru i stommar, hyllplan och l\u00e5dor.<\/p>\n","protected":false},"excerpt":{"rendered":"<p>V\u00e5r k\u00f6ksserie Original vilar i det k\u00f6ksformspr\u00e5k som startade med funktionalismens int\u00e5g i den svenska arkitekturen. Allt tillverkas f\u00f6r hand, i massivt tr\u00e4 och med traditionsenliga metoder. Ett platsbyggt k\u00f6k med ett l\u00e4tt och avskalat uttryck som \u00e4nnu pr\u00e4glar dagens formgivning och tid. V\u00e5ra k\u00f6k har Svensk norrlandsfuru i stommar, hyllplan och l\u00e5dor.<\/p>\n","protected":false},"author":142,"featured_media":0,"parent":0,"menu_order":0,"comment_status":"closed","ping_status":"closed","template":"","meta":{"footnotes":""},"class_list":["post-2325","page","type-page","status-publish","hentry"],"_links":{"self":[{"href":"https:\/\/funkiskok.se\/en\/wp-json\/wp\/v2\/pages\/2325","targetHints":{"allow":["GET"]}}],"collection":[{"href":"https:\/\/funkiskok.se\/en\/wp-json\/wp\/v2\/pages"}],"about":[{"href":"https:\/\/funkiskok.se\/en\/wp-json\/wp\/v2\/types\/page"}],"author":[{"embeddable":true,"href":"https:\/\/funkiskok.se\/en\/wp-json\/wp\/v2\/users\/142"}],"replies":[{"embeddable":true,"href":"https:\/\/funkiskok.se\/en\/wp-json\/wp\/v2\/comments?post=2325"}],"version-history":[{"count":1,"href":"https:\/\/funkiskok.se\/en\/wp-json\/wp\/v2\/pages\/2325\/revisions"}],"predecessor-version":[{"id":2326,"href":"https:\/\/funkiskok.se\/en\/wp-json\/wp\/v2\/pages\/2325\/revisions\/2326"}],"wp:attachment":[{"href":"https:\/\/funkiskok.se\/en\/wp-json\/wp\/v2\/media?parent=2325"}],"curies":[{"name":"wp","href":"https:\/\/api.w.org\/{rel}","templated":true}]}}